{"id":1079,"date":"2015-07-29T13:44:44","date_gmt":"2015-07-29T13:44:44","guid":{"rendered":"https:\/\/blockart-agency.sites.qsandbox.com\/?page_id=4"},"modified":"2025-06-25T22:22:18","modified_gmt":"2025-06-26T04:22:18","slug":"home","status":"publish","type":"page","link":"https:\/\/gestorarhtalent.com\/?page_id=1079","title":{"rendered":"Nuestra Firma"},"content":{"rendered":"\n<div class=\"wp-block-cover alignfull is-light\"><video class=\"wp-block-cover__video-background intrinsic-ignore\" autoplay muted loop playsinline src=\"https:\/\/gestorarhtalent.com\/\/wp-content\/uploads\/2025\/06\/WhatsApp-Video-2025-06-25-at-10.19.26-PM.mp4\" style=\"object-position:72% 58%\" data-object-fit=\"cover\" data-object-position=\"72% 58%\"><\/video><span aria-hidden=\"true\" class=\"wp-block-cover__background has-background-dim-0 has-background-dim\" style=\"background-color:#FFF\"><\/span><div class=\"wp-block-cover__inner-container is-layout-flow wp-block-cover-is-layout-flow\">\n<p class=\"has-text-align-center has-white-color has-text-color has-link-color has-large-font-size wp-elements-9642b5a85b07f0576d76d753e8ee0c16\"><\/p>\n<\/div><\/div>\n\n\n\n<h2 class=\"wp-block-heading\"><\/h2>\n\n\n\n<p><\/p>\n\n\n\n<div class=\"wp-block-media-text is-stacked-on-mobile is-vertically-aligned-center\"><figure class=\"wp-block-media-text__media\"><img loading=\"lazy\" decoding=\"async\" width=\"1024\" height=\"682\" src=\"https:\/\/gestorarhtalent.com\/\/wp-content\/uploads\/2025\/03\/Mision1-1024x682.jpg\" alt=\"\" class=\"wp-image-1179 size-full\" srcset=\"https:\/\/gestorarhtalent.com\/\/wp-content\/uploads\/2025\/03\/Mision1-1024x682.jpg 1024w, https:\/\/gestorarhtalent.com\/\/wp-content\/uploads\/2025\/03\/Mision1-300x200.jpg 300w, https:\/\/gestorarhtalent.com\/\/wp-content\/uploads\/2025\/03\/Mision1-768x512.jpg 768w, https:\/\/gestorarhtalent.com\/\/wp-content\/uploads\/2025\/03\/Mision1-1536x1024.jpg 1536w, https:\/\/gestorarhtalent.com\/\/wp-content\/uploads\/2025\/03\/Mision1.jpg 2000w\" sizes=\"auto, (max-width: 1024px) 100vw, 1024px\" \/><\/figure><div class=\"wp-block-media-text__content\">\n<h2 class=\"wp-block-heading\"><strong><em>MISI\u00d3N<\/em><\/strong><\/h2>\n\n\n\n<p><em>Consolidar d\u00eda a d\u00eda la experiencia y conocimiento de nuestros socios y asociados con la finalidad de brindar mejores servicios, respetando siempre la normatividad aplicable y as\u00ed transformar nuestros conocimientos en beneficios para los clientes.<\/em><\/p>\n<\/div><\/div>\n\n\n\n<div class=\"wp-block-media-text has-media-on-the-right is-stacked-on-mobile is-vertically-aligned-center\"><div class=\"wp-block-media-text__content\">\n<h2 class=\"wp-block-heading\"><strong><em>VISI\u00d3N<\/em><\/strong><\/h2>\n\n\n\n<p><em>Ser la firma de consultores l\u00edder, en el mercado empresarial en las \u00e1reas: fiscal, contable, laboral, seguridad social, financiera, administrativa, penal, civil, mercantil, auditor\u00eda, tecnolog\u00edas de la informaci\u00f3n y comercio exterior. Reconocida por nuestros servicios de excelencia y la satisfacci\u00f3n de nuestros clientes, con representaci\u00f3n en toda la Rep\u00fablica Mexicana y otros pa\u00edses de Am\u00e9rica Latina.<\/em><\/p>\n<\/div><figure class=\"wp-block-media-text__media\"><img loading=\"lazy\" decoding=\"async\" width=\"1024\" height=\"1024\" src=\"https:\/\/gestorarhtalent.com\/\/wp-content\/uploads\/2025\/03\/Vision-1024x1024.jpg\" alt=\"\" class=\"wp-image-1180 size-full\" srcset=\"https:\/\/gestorarhtalent.com\/\/wp-content\/uploads\/2025\/03\/Vision-1024x1024.jpg 1024w, https:\/\/gestorarhtalent.com\/\/wp-content\/uploads\/2025\/03\/Vision-300x300.jpg 300w, https:\/\/gestorarhtalent.com\/\/wp-content\/uploads\/2025\/03\/Vision-150x150.jpg 150w, https:\/\/gestorarhtalent.com\/\/wp-content\/uploads\/2025\/03\/Vision-768x769.jpg 768w, https:\/\/gestorarhtalent.com\/\/wp-content\/uploads\/2025\/03\/Vision.jpg 1299w\" sizes=\"auto, (max-width: 1024px) 100vw, 1024px\" \/><\/figure><\/div>\n\n\n\n<div class=\"wp-block-columns is-layout-flex wp-container-core-columns-is-layout-28f84493 wp-block-columns-is-layout-flex\">\n<div class=\"wp-block-column is-layout-flow wp-block-column-is-layout-flow\"><\/div>\n\n\n\n<div class=\"wp-block-column is-layout-flow wp-block-column-is-layout-flow\"><\/div>\n<\/div>\n\n\n\n<div class=\"wp-block-media-text is-stacked-on-mobile\" style=\"grid-template-columns:52% auto\"><figure class=\"wp-block-media-text__media\"><img loading=\"lazy\" decoding=\"async\" width=\"1024\" height=\"603\" src=\"https:\/\/gestorarhtalent.com\/\/wp-content\/uploads\/2021\/12\/ourstory-image-1024x603.jpg\" alt=\"\" class=\"wp-image-1067 size-full\" srcset=\"https:\/\/gestorarhtalent.com\/\/wp-content\/uploads\/2021\/12\/ourstory-image-1024x603.jpg 1024w, https:\/\/gestorarhtalent.com\/\/wp-content\/uploads\/2021\/12\/ourstory-image-300x177.jpg 300w, https:\/\/gestorarhtalent.com\/\/wp-content\/uploads\/2021\/12\/ourstory-image-768x452.jpg 768w, https:\/\/gestorarhtalent.com\/\/wp-content\/uploads\/2021\/12\/ourstory-image-600x354.jpg 600w, https:\/\/gestorarhtalent.com\/\/wp-content\/uploads\/2021\/12\/ourstory-image.jpg 1200w\" sizes=\"auto, (max-width: 1024px) 100vw, 1024px\" \/><\/figure><div class=\"wp-block-media-text__content\">\n<h2 class=\"wp-block-heading\"><em><strong>VALORES<\/strong><\/em><\/h2>\n\n\n\n<p><em><strong>SERVICIO<\/strong>:&nbsp;Orientar nuestro servicio a la mejora continua, con lo cual lograremos ir m\u00e1s all\u00e1 de las expectativas de nuestros clientes.<\/em><\/p>\n\n\n\n<p><strong><em>SEGURIDAD<\/em>:<\/strong>&nbsp;<em>Mediante nuestra experiencia ofrecer seguridad en los servicios que brindamos;porque lo m\u00e1s importante es la confianza y tranquilidad de nuestros clientes, socios y asociados.<\/em><\/p>\n\n\n\n<p><em><strong>HONESTIDAD:<\/strong>&nbsp;Todos nuestros servicios ser\u00e1n realizados con honradez, lealtad, claridad y transparencia.<\/em><\/p>\n\n\n\n<p><em><strong>DISCIPLINA:<\/strong>&nbsp;Cumplir con todas las normas externas e internas que afecten a los servicios que la firma preste.<\/em><\/p>\n\n\n\n<p><em><strong>INNOVACI\u00d3N<\/strong>:&nbsp;Crear y transformar permanentemente nuestros servicios, apegados siempre a la legislaci\u00f3n de la materia que se trate.<\/em><\/p>\n<\/div><\/div>\n\n\n\n<p><\/p>\n","protected":false},"excerpt":{"rendered":"<p>MISI\u00d3N Consolidar d\u00eda a d\u00eda la experiencia y conocimiento de nuestros socios y asociados con la finalidad de brindar mejores [&hellip;]<\/p>\n","protected":false},"author":1,"featured_media":0,"parent":0,"menu_order":0,"comment_status":"closed","ping_status":"closed","template":"","meta":{"site-sidebar-layout":"default","site-content-layout":"","ast-site-content-layout":"","site-content-style":"default","site-sidebar-style":"default","ast-global-header-display":"","ast-banner-title-visibility":"","ast-main-header-display":"","ast-hfb-above-header-display":"","ast-hfb-below-header-display":"","ast-hfb-mobile-header-display":"","site-post-title":"disabled","ast-breadcrumbs-content":"","ast-featured-img":"","footer-sml-layout":"","ast-disable-related-posts":"","theme-transparent-header-meta":"","adv-header-id-meta":"","stick-header-meta":"","header-above-stick-meta":"","header-main-stick-meta":"","header-below-stick-meta":"","astra-migrate-meta-layouts":"default","ast-page-background-enabled":"default","ast-page-background-meta":{"desktop":{"background-color":"var(--ast-global-color-5)","background-image":"","background-repeat":"repeat","background-position":"center center","background-size":"auto","background-attachment":"scroll","background-type":"","background-media":"","overlay-type":"","overlay-color":"","overlay-opacity":"","overlay-gradient":""},"tablet":{"background-color":"","background-image":"","background-repeat":"repeat","background-position":"center center","background-size":"auto","background-attachment":"scroll","background-type":"","background-media":"","overlay-type":"","overlay-color":"","overlay-opacity":"","overlay-gradient":""},"mobile":{"background-color":"","background-image":"","background-repeat":"repeat","background-position":"center center","background-size":"auto","background-attachment":"scroll","background-type":"","background-media":"","overlay-type":"","overlay-color":"","overlay-opacity":"","overlay-gradient":""}},"ast-content-background-meta":{"desktop":{"background-color":"var(--ast-global-color-4)","background-image":"","background-repeat":"repeat","background-position":"center center","background-size":"auto","background-attachment":"scroll","background-type":"","background-media":"","overlay-type":"","overlay-color":"","overlay-opacity":"","overlay-gradient":""},"tablet":{"background-color":"var(--ast-global-color-4)","background-image":"","background-repeat":"repeat","background-position":"center center","background-size":"auto","background-attachment":"scroll","background-type":"","background-media":"","overlay-type":"","overlay-color":"","overlay-opacity":"","overlay-gradient":""},"mobile":{"background-color":"var(--ast-global-color-4)","background-image":"","background-repeat":"repeat","background-position":"center center","background-size":"auto","background-attachment":"scroll","background-type":"","background-media":"","overlay-type":"","overlay-color":"","overlay-opacity":"","overlay-gradient":""}},"footnotes":""},"class_list":["post-1079","page","type-page","status-publish","hentry"],"_links":{"self":[{"href":"https:\/\/gestorarhtalent.com\/index.php?rest_route=\/wp\/v2\/pages\/1079","targetHints":{"allow":["GET"]}}],"collection":[{"href":"https:\/\/gestorarhtalent.com\/index.php?rest_route=\/wp\/v2\/pages"}],"about":[{"href":"https:\/\/gestorarhtalent.com\/index.php?rest_route=\/wp\/v2\/types\/page"}],"author":[{"embeddable":true,"href":"https:\/\/gestorarhtalent.com\/index.php?rest_route=\/wp\/v2\/users\/1"}],"replies":[{"embeddable":true,"href":"https:\/\/gestorarhtalent.com\/index.php?rest_route=%2Fwp%2Fv2%2Fcomments&post=1079"}],"version-history":[{"count":32,"href":"https:\/\/gestorarhtalent.com\/index.php?rest_route=\/wp\/v2\/pages\/1079\/revisions"}],"predecessor-version":[{"id":1357,"href":"https:\/\/gestorarhtalent.com\/index.php?rest_route=\/wp\/v2\/pages\/1079\/revisions\/1357"}],"wp:attachment":[{"href":"https:\/\/gestorarhtalent.com\/index.php?rest_route=%2Fwp%2Fv2%2Fmedia&parent=1079"}],"curies":[{"name":"wp","href":"https:\/\/api.w.org\/{rel}","templated":true}]}}